{"id":11,"date":"2018-04-24T18:59:16","date_gmt":"2018-04-24T18:59:16","guid":{"rendered":"http:\/\/zauberwelt.dassassad.de\/?page_id=11"},"modified":"2021-09-29T11:54:14","modified_gmt":"2021-09-29T09:54:14","slug":"ueber-mich","status":"publish","type":"page","link":"https:\/\/judith-grommes.de\/?page_id=11","title":{"rendered":"\u00dcber mich"},"content":{"rendered":"<p><a class=\"cboxElement\" href=\"http:\/\/dassassad.de\/WordPress_01\/wp-content\/uploads\/2012\/08\/Foto_Johanna1-e1455223068616.png\"><img loading=\"lazy\" class=\"alignleft wp-image-336\" title=\"Judith\" src=\"http:\/\/xn--johannas-mrchenwelt-pwb.de\/wp-content\/uploads\/2012\/08\/Foto_Johanna1-e1455223068616.png\" alt=\"Foto_Judith\" width=\"251\" height=\"316\" \/><\/a>Seit 2007 ausgebildete, staatlich anerkannte Erzieherin, habe ich mich der Arbeit mit Kindern mit Leib und Seele verschrieben. <br \/>Bis zur Geburt meines zweiten Sohnes im Dezember 2016 begleitete ich Schulklassen der verschiedenen Jahrg\u00e4nge, w\u00e4hrend ihrer Klassenfahrten zum Thema Mittelalter auf der Burg Blankenheim und in der Jugendherberge Neuss. Zus\u00e4tzlich arbeite ich als M\u00e4rchenerz\u00e4hlerin in Kinderg\u00e4rten, auf Geburtstagen und mittelalterlichen M\u00e4rkten. Als Mutter entt\u00e4uscht \u00fcber das Angebot an Krabbelgruppen in der Umgebung, kam mir die Idee selbst eine Gruppe zu gr\u00fcnden. Seit Januar 2016 gebe ich nun Kurse in Babyzeichensprache und leite ein w\u00f6chentliches Eltern Caf\u00e9. Im Mai 2017 habe ich mich in der Trageschule NRW zur Trageberaterin weitergebildet und biete nun auch Trageberatungen f\u00fcr Eltern, Erzieher und andere interessierte Fachkr\u00e4fte an. Im April 1019 startete ich meine Ausbildung zur Stillberaterin beim AFS.\u00a0 Mein Wunsch ist es Eltern zu helfen, sich ein Netzwerk aufzubauen in dem sie die Unterst\u00fctzung bekommen, die es braucht um ein Kind gro\u00df zu ziehen.<br \/>Da mir die Arbeit mit den gro\u00dferen Kindern fehlte, entschied ich mich im Oktober 2019 dazu, die Ausbildung zur Resilienz und Selbstbehauptungstrainerin bei Stark auch ohne Muckis zu machen, die ich im Januar 2020 erfolgrech abgeschlossen habe. <br \/>Anfang 2020 lernte ich dann Wiebke Joormann-Scholz kennen. Eigentlich wollten wir nur mal ein gemeinsames Themencaf\u00e9 machen. Bei unserem Treffen dazu merkten wir schnell, dass wir die gleiche Vision haben. Wir wollen Familien st\u00e4rken, von Anfang an und ihnen helfen den sicheren Hafen zu bauen, den wir alle, gerade in St\u00fcrmischen Zeiten brauchen. So gr\u00fcndeten wir im Juni 2020 die Wurzeln &amp; Fl\u00fcgel Familenakademie.<br \/>Wenn du dar\u00fcber mehr wissen m\u00f6chtest und neugierig geworden bist, was wir dort alles anbieten, schau doch einfach mal auf unserem gemeinsamen <a href=\"https:\/\/wurzelnundfluegelfamilienakademie.wordpress.com\/blog\/\">Blog<\/a> vorbei oder komm in unsere <a href=\"https:\/\/www.facebook.com\/groups\/461043891505550\">Facebook Gruppe.<\/a><\/p>\n<p>\u00a0<\/p>\n<p>\u00a0<\/p>\n\n\n<p><\/p>\n","protected":false},"excerpt":{"rendered":"<p>Seit 2007 ausgebildete, staatlich anerkannte Erzieherin, habe ich mich der Arbeit mit Kindern mit Leib und Seele verschrieben. Bis zur Geburt meines zweiten Sohnes im Dezember 2016 begleitete ich Schulklassen der verschiedenen Jahrg\u00e4nge, w\u00e4hrend ihrer Klassenfahrten zum Thema Mittelalter auf der Burg Blankenheim und in der Jugendherberge Neuss. Zus\u00e4tzlich arbeite &#8230;<\/p>\n","protected":false},"author":2,"featured_media":0,"parent":0,"menu_order":0,"comment_status":"closed","ping_status":"closed","template":"","meta":[],"_links":{"self":[{"href":"https:\/\/judith-grommes.de\/index.php?rest_route=\/wp\/v2\/pages\/11"}],"collection":[{"href":"https:\/\/judith-grommes.de\/index.php?rest_route=\/wp\/v2\/pages"}],"about":[{"href":"https:\/\/judith-grommes.de\/index.php?rest_route=\/wp\/v2\/types\/page"}],"author":[{"embeddable":true,"href":"https:\/\/judith-grommes.de\/index.php?rest_route=\/wp\/v2\/users\/2"}],"replies":[{"embeddable":true,"href":"https:\/\/judith-grommes.de\/index.php?rest_route=%2Fwp%2Fv2%2Fcomments&post=11"}],"version-history":[{"count":7,"href":"https:\/\/judith-grommes.de\/index.php?rest_route=\/wp\/v2\/pages\/11\/revisions"}],"predecessor-version":[{"id":182,"href":"https:\/\/judith-grommes.de\/index.php?rest_route=\/wp\/v2\/pages\/11\/revisions\/182"}],"wp:attachment":[{"href":"https:\/\/judith-grommes.de\/index.php?rest_route=%2Fwp%2Fv2%2Fmedia&parent=11"}],"curies":[{"name":"wp","href":"https:\/\/api.w.org\/{rel}","templated":true}]}}