{"id":2,"date":"2016-05-10T03:48:21","date_gmt":"2016-05-10T03:48:21","guid":{"rendered":"http:\/\/zauberwelt.dassassad.de\/?page_id=2"},"modified":"2021-05-13T18:04:19","modified_gmt":"2021-05-13T16:04:19","slug":"sample-page","status":"publish","type":"page","link":"https:\/\/judith-grommes.de\/","title":{"rendered":"Herzlich Willkommen"},"content":{"rendered":"<header class=\"entry-header\">\n<p class=\"entry-title\">Ich freue mich \u00fcber deinen Besuch, lass dich verzaubern von \u2026<\/p>\n<\/header>\n<div class=\"entry-content\">\n<p><a title=\"Zwergenreich\" href=\"http:\/\/zauberwelt.dassassad.de\/?page_id=20\">\u2026 den Zwergen.<\/a><\/p>\n<p>Hier findest du Angebote f\u00fcrs Eltern-Zwergen Caf\u00e9,<br \/>\nThemencaf\u00e9, sowie Kurse<br \/>\nin Zwergensprache<\/p>\n<p><a href=\"http:\/\/judith-grommes.de\/?page_id=22\">\u2026 Judiths Tragezwerge<\/a>.<\/p>\n<p>Hier findest du meine Angebote rund ums Tragen.<br \/>\nEgal ob Einzel-, oder Paarberatung, Gruppenberatungen,<br \/>\noder Infoveranstaltungen zum Tragen.<\/p>\n<\/div>\n","protected":false},"excerpt":{"rendered":"<p>Ich freue mich \u00fcber deinen Besuch, lass dich verzaubern von \u2026 \u2026 den Zwergen. Hier findest du Angebote f\u00fcrs Eltern-Zwergen Caf\u00e9, Themencaf\u00e9, sowie Kurse in Zwergensprache \u2026 Judiths Tragezwerge. Hier findest du meine Angebote rund ums Tragen. Egal ob Einzel-, oder Paarberatung, Gruppenberatungen, oder Infoveranstaltungen zum Tragen.<\/p>\n","protected":false},"author":1,"featured_media":0,"parent":0,"menu_order":0,"comment_status":"closed","ping_status":"open","template":"","meta":[],"_links":{"self":[{"href":"https:\/\/judith-grommes.de\/index.php?rest_route=\/wp\/v2\/pages\/2"}],"collection":[{"href":"https:\/\/judith-grommes.de\/index.php?rest_route=\/wp\/v2\/pages"}],"about":[{"href":"https:\/\/judith-grommes.de\/index.php?rest_route=\/wp\/v2\/types\/page"}],"author":[{"embeddable":true,"href":"https:\/\/judith-grommes.de\/index.php?rest_route=\/wp\/v2\/users\/1"}],"replies":[{"embeddable":true,"href":"https:\/\/judith-grommes.de\/index.php?rest_route=%2Fwp%2Fv2%2Fcomments&post=2"}],"version-history":[{"count":6,"href":"https:\/\/judith-grommes.de\/index.php?rest_route=\/wp\/v2\/pages\/2\/revisions"}],"predecessor-version":[{"id":167,"href":"https:\/\/judith-grommes.de\/index.php?rest_route=\/wp\/v2\/pages\/2\/revisions\/167"}],"wp:attachment":[{"href":"https:\/\/judith-grommes.de\/index.php?rest_route=%2Fwp%2Fv2%2Fmedia&parent=2"}],"curies":[{"name":"wp","href":"https:\/\/api.w.org\/{rel}","templated":true}]}}