{"id":20,"date":"2018-04-24T19:03:35","date_gmt":"2018-04-24T19:03:35","guid":{"rendered":"http:\/\/zauberwelt.dassassad.de\/?page_id=20"},"modified":"2022-03-12T15:32:21","modified_gmt":"2022-03-12T14:32:21","slug":"zwerge","status":"publish","type":"page","link":"https:\/\/judith-grommes.de\/?page_id=20","title":{"rendered":"Zwerge"},"content":{"rendered":"<p>Komm und spiel mit mir!<\/p>\n<p>Bei Judiths Zwergen wird gespielt, gesungen und gelacht, da f\u00fchlen sich schon die J\u00fcngsten so richtig wohl. Und w\u00e4hrend Eure Kleinen das Zwergenreich erobern, habt Ihr die Gelegenheit zum Austausch und zur aktiven Mitgestaltung der Gruppe.<\/p>\n<p>\u2026 w\u00f6chentliches Eltern Zwergen Caf\u00e9<\/p>\n<p>\u2026 Themencaf\u00e9 jeden ersten Mittwoch im Monat<\/p>\n<p><a title=\"Zwergensprache\" href=\"http:\/\/zauberwelt.dassassad.de\/?page_id=45\">\u2026 Zwergensprache<\/a><\/p>\n","protected":false},"excerpt":{"rendered":"<p>Komm und spiel mit mir! Bei Judiths Zwergen wird gespielt, gesungen und gelacht, da f\u00fchlen sich schon die J\u00fcngsten so richtig wohl. Und w\u00e4hrend Eure Kleinen das Zwergenreich erobern, habt Ihr die Gelegenheit zum Austausch und zur aktiven Mitgestaltung der Gruppe. \u2026 w\u00f6chentliches Eltern Zwergen Caf\u00e9 \u2026 Themencaf\u00e9 jeden ersten &#8230;<\/p>\n","protected":false},"author":2,"featured_media":0,"parent":0,"menu_order":0,"comment_status":"closed","ping_status":"closed","template":"","meta":[],"_links":{"self":[{"href":"https:\/\/judith-grommes.de\/index.php?rest_route=\/wp\/v2\/pages\/20"}],"collection":[{"href":"https:\/\/judith-grommes.de\/index.php?rest_route=\/wp\/v2\/pages"}],"about":[{"href":"https:\/\/judith-grommes.de\/index.php?rest_route=\/wp\/v2\/types\/page"}],"author":[{"embeddable":true,"href":"https:\/\/judith-grommes.de\/index.php?rest_route=\/wp\/v2\/users\/2"}],"replies":[{"embeddable":true,"href":"https:\/\/judith-grommes.de\/index.php?rest_route=%2Fwp%2Fv2%2Fcomments&post=20"}],"version-history":[{"count":4,"href":"https:\/\/judith-grommes.de\/index.php?rest_route=\/wp\/v2\/pages\/20\/revisions"}],"predecessor-version":[{"id":238,"href":"https:\/\/judith-grommes.de\/index.php?rest_route=\/wp\/v2\/pages\/20\/revisions\/238"}],"wp:attachment":[{"href":"https:\/\/judith-grommes.de\/index.php?rest_route=%2Fwp%2Fv2%2Fmedia&parent=20"}],"curies":[{"name":"wp","href":"https:\/\/api.w.org\/{rel}","templated":true}]}}