{"id":53,"date":"2018-04-24T19:48:55","date_gmt":"2018-04-24T19:48:55","guid":{"rendered":"http:\/\/zauberwelt.dassassad.de\/?page_id=53"},"modified":"2018-04-24T20:48:56","modified_gmt":"2018-04-24T20:48:56","slug":"die-trageberatung","status":"publish","type":"page","link":"https:\/\/judith-grommes.de\/?page_id=53","title":{"rendered":"Die Trageberatung"},"content":{"rendered":"<p>Ich biete Trageberatungen f\u00fcr Eltern, Erzieher\/innen und andere interessierte Fachkr\u00e4fte.<\/p>\n<p>Mein Angebot:<\/p>\n<ul>\n<li>Einzel-, oder Paarberatung<\/li>\n<li>Gruppenberatung<\/li>\n<li>Informationen rund ums Tragen<\/li>\n<\/ul>\n<p>Bei der Beratung bekommt ihr<\/p>\n<ul>\n<li>eine kurze Einf\u00fchrung in die Theorie des Tragens (Anatomie, Vorteile)<\/li>\n<li>1 -2 Bindetechniken die wir f\u00fcr eure Bed\u00fcrfnisse raussuchen und dann gemeinsam \u00fcben, bis ihr euch sicher f\u00fchlt (erst mit der Tragepuppe, dann mit eurem Baby)<\/li>\n<li>\u00fcbersicht \u00fcber verschiedene Tragehilfen ( was gibt es alles, was passt zu uns)<\/li>\n<li>die M\u00f6glichkeit T\u00fccher und Tragehilfen auszuprobieren<\/li>\n<li>Tricks und Tipps zum Tragen<\/li>\n<\/ul>\n<p>Ihr d\u00fcrft so lange \u00fcben und ausprobieren, bis ihr euch sicher f\u00fchlt.<\/p>\n<p>&nbsp;<\/p>\n<p>Service<\/p>\n<p>Gerne k\u00f6nnt ihr auch zum Eltern Zwergen Caf\u00e9 kommen, wenn ihr m\u00f6chtet das ich noch mal schaue ob alles so passt, oder ihr Hilfe beim anpassen eurer Tragehilfe braucht. Bei gr\u00f6\u00dferen Schwierigkeiten k\u00f6nnen wir dort auch gerne einen Termin f\u00fcr die Nachberatung machen.<\/p>\n<p>Die Beratung findet f\u00fcr gew\u00f6hnlich bei euch zu Hause statt. Gruppenberatungen finden evtl. in angemieteten R\u00e4umen satt.<br \/>\nW\u00e4rend der Beratungen gehen nat\u00fcrlich die Bed\u00fcrfnisse eures Kindes immer vor. Pausen zum f\u00fcttern, stillen oder Windeln wechseln sind kein Thema und werden evtl. f\u00fcr den Theorieteil genutzt.<br \/>\nSollte euer Kind einfach einen schlechten Tag haben und nur weinen, kann die Beratung auch auf eren Wunsch abgebrochen und ein anders mal vortgesetzt werden.<\/p>\n","protected":false},"excerpt":{"rendered":"<p>Ich biete Trageberatungen f\u00fcr Eltern, Erzieher\/innen und andere interessierte Fachkr\u00e4fte. Mein Angebot: Einzel-, oder Paarberatung Gruppenberatung Informationen rund ums Tragen Bei der Beratung bekommt ihr eine kurze Einf\u00fchrung in die Theorie des Tragens (Anatomie, Vorteile) 1 -2 Bindetechniken die wir f\u00fcr eure Bed\u00fcrfnisse raussuchen und dann gemeinsam \u00fcben, bis ihr &#8230;<\/p>\n","protected":false},"author":2,"featured_media":0,"parent":0,"menu_order":0,"comment_status":"closed","ping_status":"closed","template":"","meta":[],"_links":{"self":[{"href":"https:\/\/judith-grommes.de\/index.php?rest_route=\/wp\/v2\/pages\/53"}],"collection":[{"href":"https:\/\/judith-grommes.de\/index.php?rest_route=\/wp\/v2\/pages"}],"about":[{"href":"https:\/\/judith-grommes.de\/index.php?rest_route=\/wp\/v2\/types\/page"}],"author":[{"embeddable":true,"href":"https:\/\/judith-grommes.de\/index.php?rest_route=\/wp\/v2\/users\/2"}],"replies":[{"embeddable":true,"href":"https:\/\/judith-grommes.de\/index.php?rest_route=%2Fwp%2Fv2%2Fcomments&post=53"}],"version-history":[{"count":3,"href":"https:\/\/judith-grommes.de\/index.php?rest_route=\/wp\/v2\/pages\/53\/revisions"}],"predecessor-version":[{"id":93,"href":"https:\/\/judith-grommes.de\/index.php?rest_route=\/wp\/v2\/pages\/53\/revisions\/93"}],"wp:attachment":[{"href":"https:\/\/judith-grommes.de\/index.php?rest_route=%2Fwp%2Fv2%2Fmedia&parent=53"}],"curies":[{"name":"wp","href":"https:\/\/api.w.org\/{rel}","templated":true}]}}