{"id":58,"date":"2018-04-24T19:52:56","date_gmt":"2018-04-24T19:52:56","guid":{"rendered":"http:\/\/zauberwelt.dassassad.de\/?page_id=58"},"modified":"2018-04-24T20:48:00","modified_gmt":"2018-04-24T20:48:00","slug":"kosten","status":"publish","type":"page","link":"https:\/\/judith-grommes.de\/?page_id=58","title":{"rendered":"Kosten"},"content":{"rendered":"<ul>\n<li>Einzel- oder Paarberatung ca. 1,5 \u2013 2 Stunden\u00a0 40 \u20ac<\/li>\n<li>Gruppenberatung 3 -5 Personen, ca 2 Stunden 30 \u20ac pro Person<\/li>\n<li>Nachberatung 20 \u20ac pro Stunde<\/li>\n<li>Infoveranstaltung zum Tragen in Krabbelgruppen, Geburtsvorbereitungskurs, R\u00fcckbildungskurs etc. ca 1 Stunde 50 \u20ac<\/li>\n<\/ul>\n<p>Kostenlose Nachsorge per Telefon oder Mail.<\/p>\n<p>Ihr k\u00f6nnt bei mir\u00a0keine\u00a0Tragehilfen oder T\u00fccher Kaufen.<\/p>\n<p>Da ich noch dabei bin mein Sortiment aufzubauen, k\u00f6nnt ihr nur in Ausnahmef\u00e4llen T\u00fccher oder Tragen bei mir ausleihen. Sprecht mich einfach an.<\/p>\n","protected":false},"excerpt":{"rendered":"<p>Einzel- oder Paarberatung ca. 1,5 \u2013 2 Stunden\u00a0 40 \u20ac Gruppenberatung 3 -5 Personen, ca 2 Stunden 30 \u20ac pro Person Nachberatung 20 \u20ac pro Stunde Infoveranstaltung zum Tragen in Krabbelgruppen, Geburtsvorbereitungskurs, R\u00fcckbildungskurs etc. ca 1 Stunde 50 \u20ac Kostenlose Nachsorge per Telefon oder Mail. Ihr k\u00f6nnt bei mir\u00a0keine\u00a0Tragehilfen oder &#8230;<\/p>\n","protected":false},"author":2,"featured_media":0,"parent":0,"menu_order":0,"comment_status":"closed","ping_status":"closed","template":"","meta":[],"_links":{"self":[{"href":"https:\/\/judith-grommes.de\/index.php?rest_route=\/wp\/v2\/pages\/58"}],"collection":[{"href":"https:\/\/judith-grommes.de\/index.php?rest_route=\/wp\/v2\/pages"}],"about":[{"href":"https:\/\/judith-grommes.de\/index.php?rest_route=\/wp\/v2\/types\/page"}],"author":[{"embeddable":true,"href":"https:\/\/judith-grommes.de\/index.php?rest_route=\/wp\/v2\/users\/2"}],"replies":[{"embeddable":true,"href":"https:\/\/judith-grommes.de\/index.php?rest_route=%2Fwp%2Fv2%2Fcomments&post=58"}],"version-history":[{"count":2,"href":"https:\/\/judith-grommes.de\/index.php?rest_route=\/wp\/v2\/pages\/58\/revisions"}],"predecessor-version":[{"id":92,"href":"https:\/\/judith-grommes.de\/index.php?rest_route=\/wp\/v2\/pages\/58\/revisions\/92"}],"wp:attachment":[{"href":"https:\/\/judith-grommes.de\/index.php?rest_route=%2Fwp%2Fv2%2Fmedia&parent=58"}],"curies":[{"name":"wp","href":"https:\/\/api.w.org\/{rel}","templated":true}]}}